{"id":1836,"date":"2024-06-03T19:55:57","date_gmt":"2024-06-03T17:55:57","guid":{"rendered":"https:\/\/fragosstudios.gr\/weddings-social-events\/"},"modified":"2024-06-03T20:38:59","modified_gmt":"2024-06-03T18:38:59","slug":"weddings-social-events","status":"publish","type":"page","link":"https:\/\/fragosstudios.gr\/de\/weddings-social-events\/","title":{"rendered":"Hochzeiten &#038; gesellschaftliche Veranstaltungen"},"content":{"rendered":"[vc_row fullwidth=&#8220;true&#8220; fullwidth_content=&#8220;false&#8220; css=&#8220;.vc_custom_1717439517999{margin-bottom: 0px !important;padding-bottom: 0px !important;background-color: #f9f9f9 !important;}&#8220;][vc_column][vc_single_image image=&#8220;1775&#8243; img_size=&#8220;full&#8220; alignment=&#8220;center&#8220;][\/vc_column][\/vc_row][vc_row][vc_column][vc_column_text css=&#8220;.vc_custom_1717439523902{margin-bottom: 0px !important;padding-top: 35px !important;}&#8220;]\n<h2 style=\"text-align: center;\">Hochzeiten &amp; gesellschaftliche Veranstaltungen<\/h2>\n<p style=\"text-align: center;\">Unser Komplex ist die perfekte Wahl f\u00fcr Paare, die von einem wundersch\u00f6nen und unvergesslichen Hochzeitsempfang in einer Umgebung tr\u00e4umen, die die Sch\u00f6nheit und romantische Aura ihres Tages unterstreicht.<\/p>\n<p style=\"text-align: center;\">Unsere Vorteile sind die k\u00fchle Umgebung an hei\u00dfen Sommertagen, die nat\u00fcrliche Umgebungsatmosph\u00e4re, der Sternenhimmel, das bequeme Parken sowie die Unterbringung Ihrer G\u00e4ste (je nach Kapazit\u00e4t) innerhalb des Komplexes.<\/p>\n[\/vc_column_text][\/vc_column][\/vc_row][vc_row][vc_column][mk_gallery images=&#8220;1798,1804,1810,1816,1822,1759&#8243; height=&#8220;317&#8243;][\/vc_column][\/vc_row]\n","protected":false},"excerpt":{"rendered":"<p>[vc_row fullwidth=&#8220;true&#8220; fullwidth_content=&#8220;false&#8220; css=&#8220;.vc_custom_1717439517999{margin-bottom: 0px !important;padding-bottom: 0px !important;background-color: #f9f9f9 !important;}&#8220;][vc_column][vc_single_image image=&#8220;1775&#8243; img_size=&#8220;full&#8220; alignment=&#8220;center&#8220;][\/vc_column][\/vc_row][vc_row][vc_column][vc_column_text css=&#8220;.vc_custom_1717439523902{margin-bottom: 0px !important;padding-top: 35px !important;}&#8220;] Hochzeiten &amp; gesellschaftliche Veranstaltungen Unser Komplex ist die perfekte Wahl f\u00fcr Paare, die von einem wundersch\u00f6nen und unvergesslichen Hochzeitsempfang in einer Umgebung tr\u00e4umen, die die Sch\u00f6nheit und romantische Aura ihres Tages unterstreicht. Unsere Vorteile sind die k\u00fchle [&hellip;]<\/p>\n","protected":false},"author":1,"featured_media":0,"parent":0,"menu_order":0,"comment_status":"closed","ping_status":"closed","template":"","meta":{"footnotes":""},"class_list":["post-1836","page","type-page","status-publish","hentry"],"yoast_head":"<!-- This site is optimized with the Yoast SEO plugin v27.3 - https:\/\/yoast.com\/product\/yoast-seo-wordpress\/ -->\n<title>Hochzeiten &amp; gesellschaftliche Veranstaltungen - Fragos Garden Studios - \u039a\u03c5\u03bb\u03bb\u03ae\u03bd\u03b7 - \u0395\u03bb\u03bb\u03ac\u03b4\u03b1<\/title>\n<meta name=\"robots\" content=\"index, follow, max-snippet:-1, max-image-preview:large, max-video-preview:-1\" \/>\n<link rel=\"canonical\" href=\"https:\/\/fragosstudios.gr\/de\/weddings-social-events\/\" \/>\n<meta property=\"og:locale\" content=\"de_DE\" \/>\n<meta property=\"og:type\" content=\"article\" \/>\n<meta property=\"og:title\" content=\"Hochzeiten &amp; gesellschaftliche Veranstaltungen - Fragos Garden Studios - \u039a\u03c5\u03bb\u03bb\u03ae\u03bd\u03b7 - \u0395\u03bb\u03bb\u03ac\u03b4\u03b1\" \/>\n<meta property=\"og:description\" content=\"[vc_row fullwidth=&#8220;true&#8220; fullwidth_content=&#8220;false&#8220; css=&#8220;.vc_custom_1717439517999{margin-bottom: 0px !important;padding-bottom: 0px !important;background-color: #f9f9f9 !important;}&#8220;][vc_column][vc_single_image image=&#8220;1775&#8243; img_size=&#8220;full&#8220; alignment=&#8220;center&#8220;][\/vc_column][\/vc_row][vc_row][vc_column][vc_column_text css=&#8220;.vc_custom_1717439523902{margin-bottom: 0px !important;padding-top: 35px !important;}&#8220;] Hochzeiten &amp; gesellschaftliche Veranstaltungen Unser Komplex ist die perfekte Wahl f\u00fcr Paare, die von einem wundersch\u00f6nen und unvergesslichen Hochzeitsempfang in einer Umgebung tr\u00e4umen, die die Sch\u00f6nheit und romantische Aura ihres Tages unterstreicht. Unsere Vorteile sind die k\u00fchle [&hellip;]\" \/>\n<meta property=\"og:url\" content=\"https:\/\/fragosstudios.gr\/de\/weddings-social-events\/\" \/>\n<meta property=\"og:site_name\" content=\"Fragos Garden Studios - \u039a\u03c5\u03bb\u03bb\u03ae\u03bd\u03b7 - \u0395\u03bb\u03bb\u03ac\u03b4\u03b1\" \/>\n<meta property=\"article:modified_time\" content=\"2024-06-03T18:38:59+00:00\" \/>\n<meta name=\"twitter:card\" content=\"summary_large_image\" \/>\n<meta name=\"twitter:label1\" content=\"Gesch\u00e4tzte Lesezeit\" \/>\n\t<meta name=\"twitter:data1\" content=\"1\u00a0Minute\" \/>\n<script type=\"application\/ld+json\" class=\"yoast-schema-graph\">{\"@context\":\"https:\\\/\\\/schema.org\",\"@graph\":[{\"@type\":\"WebPage\",\"@id\":\"https:\\\/\\\/fragosstudios.gr\\\/de\\\/weddings-social-events\\\/\",\"url\":\"https:\\\/\\\/fragosstudios.gr\\\/de\\\/weddings-social-events\\\/\",\"name\":\"Hochzeiten & gesellschaftliche Veranstaltungen - Fragos Garden Studios - \u039a\u03c5\u03bb\u03bb\u03ae\u03bd\u03b7 - \u0395\u03bb\u03bb\u03ac\u03b4\u03b1\",\"isPartOf\":{\"@id\":\"https:\\\/\\\/fragosstudios.gr\\\/#website\"},\"datePublished\":\"2024-06-03T17:55:57+00:00\",\"dateModified\":\"2024-06-03T18:38:59+00:00\",\"breadcrumb\":{\"@id\":\"https:\\\/\\\/fragosstudios.gr\\\/de\\\/weddings-social-events\\\/#breadcrumb\"},\"inLanguage\":\"de\",\"potentialAction\":[{\"@type\":\"ReadAction\",\"target\":[\"https:\\\/\\\/fragosstudios.gr\\\/de\\\/weddings-social-events\\\/\"]}]},{\"@type\":\"BreadcrumbList\",\"@id\":\"https:\\\/\\\/fragosstudios.gr\\\/de\\\/weddings-social-events\\\/#breadcrumb\",\"itemListElement\":[{\"@type\":\"ListItem\",\"position\":1,\"name\":\"\u0391\u03c1\u03c7\u03b9\u03ba\u03ae\",\"item\":\"https:\\\/\\\/fragosstudios.gr\\\/de\\\/\"},{\"@type\":\"ListItem\",\"position\":2,\"name\":\"Hochzeiten &#038; gesellschaftliche Veranstaltungen\"}]},{\"@type\":\"WebSite\",\"@id\":\"https:\\\/\\\/fragosstudios.gr\\\/#website\",\"url\":\"https:\\\/\\\/fragosstudios.gr\\\/\",\"name\":\"Fragos Garden Studios - \u039a\u03c5\u03bb\u03bb\u03ae\u03bd\u03b7 - \u0395\u03bb\u03bb\u03ac\u03b4\u03b1\",\"description\":\"\u03a4\u03b1 FRAGOS GARDEN STUDIOS \u03b2\u03c1\u03af\u03c3\u03ba\u03bf\u03bd\u03c4\u03b1\u03b9 \u03bc\u03ad\u03c3\u03b1 \u03c3\u03b5 \u03ad\u03bd\u03b1\u03bd \u03b5\u03be\u03b1\u03b9\u03c1\u03b5\u03c4\u03b9\u03ba\u03cc \u03ba\u03ae\u03c0\u03bf, \u03c3\u03b5 \u03b9\u03b4\u03b9\u03b1\u03af\u03c4\u03b5\u03c1\u03b1 \u03c0\u03c1\u03bf\u03bd\u03bf\u03bc\u03b9\u03b1\u03ba\u03ae \u03b8\u03ad\u03c3\u03b7, \u03b5\u03c0\u03ac\u03bd\u03c9 \u03c3\u03c4\u03bf\u03bd \u03ba\u03b5\u03bd\u03c4\u03c1\u03b9\u03ba\u03cc \u03b4\u03c1\u03cc\u03bc\u03bf \u03c0\u03bf\u03c5 \u03bf\u03b4\u03b7\u03b3\u03b5\u03af \u03c3\u03c4\u03bf \u03c0\u03bf\u03c1\u03b8\u03bc\u03b5\u03af\u03bf \u03c4\u03b7\u03c2 \u039a\u03c5\u03bb\u03bb\u03ae\u03bd\u03b7\u03c2 \u03ba\u03b1\u03b9 \u03b1\u03c0\u03bf\u03c4\u03b5\u03bb\u03bf\u03cd\u03bd\u03c4\u03b1\u03b9 \u03b1\u03c0\u03cc \u03b1\u03c5\u03c4\u03cc\u03bd\u03bf\u03bc\u03b1 studios, \u03b4\u03c9\u03bc\u03ac\u03c4\u03b9\u03b1 \u03ba\u03b1\u03b9 \u03b4\u03b9\u03b1\u03bc\u03b5\u03c1\u03af\u03c3\u03bc\u03b1\u03c4\u03b1 \u03c0\u03bf\u03c5 \u03bb\u03b5\u03b9\u03c4\u03bf\u03c5\u03c1\u03b3\u03bf\u03cd\u03bd \u03cc\u03bb\u03bf \u03c4\u03bf\u03bd \u03c7\u03c1\u03cc\u03bd\u03bf. \u03a4\u03b1 \u03b4\u03c9\u03bc\u03ac\u03c4\u03b9\u03b1 \u03b5\u03af\u03bd\u03b1\u03b9 \u03b5\u03c5\u03c1\u03cd\u03c7\u03c9\u03c1\u03b1, \u03ba\u03b1\u03bb\u03b1\u03af\u03c3\u03b8\u03b7\u03c4\u03b1, \u03c0\u03c1\u03cc\u03c3\u03c6\u03b1\u03c4\u03b1 \u03b1\u03bd\u03b1\u03ba\u03b1\u03b9\u03bd\u03b9\u03c3\u03bc\u03ad\u03bd\u03b1, \u03bc\u03bf\u03bd\u03c4\u03ad\u03c1\u03bd\u03b1 \u03b4\u03b9\u03b1\u03ba\u03bf\u03c3\u03bc\u03b7\u03bc\u03ad\u03bd\u03b1 \u03c3\u03b5 \u03b1\u03c0\u03b1\u03bb\u03bf\u03cd\u03c2 \u03c4\u03cc\u03bd\u03bf\u03c5\u03c2 \u03ba\u03b1\u03b9 \u03cc\u03bb\u03b1 \u03c0\u03b5\u03c1\u03b9\u03bb\u03b1\u03bc\u03b2\u03ac\u03bd\u03bf\u03c5\u03bd \u03b1\u03bd\u03b5\u03be\u03ac\u03c1\u03c4\u03b7\u03c4\u03b5\u03c2 \u03b5\u03c0\u03b9\u03c0\u03bb\u03c9\u03bc\u03ad\u03bd\u03b5\u03c2 \u03b2\u03b5\u03c1\u03ac\u03bd\u03c4\u03b5\u03c2 \u03bc\u03b5 \u03b8\u03ad\u03b1 \u03ba\u03ae\u03c0\u03bf, \u03ba\u03b1\u03b9 \u03ba\u03ac\u03c0\u03bf\u03b9\u03b1 \u03c0\u03bb\u03ae\u03c1\u03c9\u03c2 \u03b5\u03be\u03bf\u03c0\u03bb\u03b9\u03c3\u03bc\u03ad\u03bd\u03b5\u03c2 \u03ba\u03bf\u03c5\u03b6\u03af\u03bd\u03b5\u03c2 \u03bc\u03b5 \u03c4\u03c1\u03b1\u03c0\u03b5\u03b6\u03b1\u03c1\u03af\u03b1, \u03bc\u03b1\u03b3\u03b5\u03b9\u03c1\u03b9\u03ba\u03ac \u03c3\u03ba\u03b5\u03cd\u03b7 \u03ba\u03b1\u03b9 \u03c8\u03c5\u03b3\u03b5\u03af\u03bf \u03bc\u03b5\u03b3\u03ac\u03bb\u03bf\u03c5 \u03bc\u03b5\u03b3\u03ad\u03b8\u03bf\u03c5\u03c2 \u03ba\u03b1\u03b9 \u03bc\u03bf\u03bd\u03c4\u03ad\u03c1\u03bd\u03bf WC \u03bc\u03b5 \u03bc\u03c0\u03b1\u03bd\u03b9\u03ad\u03c1\u03b1 \u03ae \u03bd\u03c4\u03bf\u03c5\u03b6\u03b9\u03ad\u03c1\u03b1. \u038c\u03bb\u03b1 \u03c4\u03b1 \u03b4\u03c9\u03bc\u03ac\u03c4\u03b9\u03b1 \u03b4\u03b9\u03b1\u03b8\u03ad\u03c4\u03bf\u03c5\u03bd \u03ba\u03bb\u03b9\u03bc\u03b1\u03c4\u03b9\u03c3\u03bc\u03cc \u03ba\u03b1\u03b9 \u03b1\u03c5\u03c4\u03cc\u03bd\u03bf\u03bc\u03b7 \u03b8\u03ad\u03c1\u03bc\u03b1\u03bd\u03c3\u03b7 \u03bc\u03b5 \u03ba\u03b1\u03bb\u03bf\u03c1\u03b9\u03c6\u03ad\u03c1, TV LCD 26 \u03af\u03bd\u03c4\u03c3\u03b5\u03c2, \u03b8\u03c5\u03c1\u03af\u03b4\u03b1 \u03b1\u03c3\u03c6\u03b1\u03bb\u03b5\u03af\u03b1\u03c2, \u03c3\u03af\u03b4\u03b5\u03c1\u03bf \u03ba\u03b1\u03b9 \u03b5\u03b3\u03ba\u03b1\u03c4\u03b1\u03c3\u03c4\u03ac\u03c3\u03b5\u03b9\u03c2 \u03c3\u03b9\u03b4\u03b5\u03c1\u03ce\u03bc\u03b1\u03c4\u03bf\u03c2, \u03b4\u03c9\u03c1\u03b5\u03ac\u03bd Wi Fi, \u03b1\u03bb\u03bf\u03c5\u03bc\u03af\u03bd\u03b9\u03b1 \u03b1\u03c3\u03c6\u03b1\u03bb\u03b5\u03af\u03b1\u03c2 \u03ba\u03b1\u03b9 \u03c3\u03af\u03c4\u03b5\u03c2. \u03a3\u03c4\u03b9\u03c2 \u03bc\u03bf\u03bd\u03ac\u03b4\u03b5\u03c2 \u03c0\u03b1\u03c1\u03ad\u03c7\u03b5\u03c4\u03b1\u03b9 \u03ba\u03b1\u03b8\u03b7\u03bc\u03b5\u03c1\u03b9\u03bd\u03ac \u03c5\u03c0\u03b7\u03c1\u03b5\u03c3\u03af\u03b1 \u03ba\u03b1\u03b8\u03b1\u03c1\u03b9\u03cc\u03c4\u03b7\u03c4\u03b1\u03c2, \u03b5\u03bd\u03ce \u03b3\u03b9\u03b1 \u03b5\u03c0\u03b9\u03c0\u03bb\u03ad\u03bf\u03bd \u03ac\u03bd\u03b5\u03c3\u03b7, \u03b4\u03b9\u03b1\u03c4\u03af\u03b8\u03b5\u03bd\u03c4\u03b1\u03b9 \u03bc\u03c0\u03bf\u03c5\u03c1\u03bd\u03bf\u03cd\u03b6\u03b9\u03b1 \u03ba\u03b1\u03b9 \u03c0\u03b1\u03bd\u03c4\u03cc\u03c6\u03bb\u03b5\u03c2, \u03c0\u03c1\u03bf\u03ca\u03cc\u03bd\u03c4\u03b1 \u03c0\u03b5\u03c1\u03b9\u03c0\u03bf\u03af\u03b7\u03c3\u03b7\u03c2 \u03ba\u03b1\u03b9 \u03c3\u03c4\u03b5\u03b3\u03bd\u03c9\u03c4\u03ae\u03c1\u03b1 \u03bc\u03b1\u03bb\u03bb\u03b9\u03ce\u03bd. \u03a3\u03c4\u03bf\u03c5\u03c2 \u03ba\u03bf\u03b9\u03bd\u03cc\u03c7\u03c1\u03b7\u03c3\u03c4\u03bf\u03c5\u03c2 \u03c7\u03ce\u03c1\u03bf\u03c5\u03c2 \u03c5\u03c0\u03ac\u03c1\u03c7\u03b5\u03b9 \u03b4\u03c9\u03c1\u03b5\u03ac\u03bd \u03b1\u03c3\u03c6\u03b1\u03bb\u03ae\u03c2 \u03c7\u03ce\u03c1\u03bf\u03c2 \u03c3\u03c4\u03ac\u03b8\u03bc\u03b5\u03c5\u03c3\u03b7\u03c2, \u03ae\u03c3\u03c5\u03c7\u03bf\u03c2 \u03ba\u03ae\u03c0\u03bf\u03c2 \u03bc\u03b5 \u03b4\u03ad\u03bd\u03c4\u03c1\u03b1 \u03ba\u03b1\u03b9 \u03b3\u03ba\u03b1\u03b6\u03cc\u03bd 3.500 \u03c4\u03bc, \u03c0\u03b1\u03b9\u03b4\u03b9\u03ba\u03ae \u03c7\u03b1\u03c1\u03ac, \u03be\u03b1\u03c0\u03bb\u03ce\u03c3\u03c4\u03c1\u03b5\u03c2, \u03c4\u03bf\u03c5\u03b1\u03bb\u03ad\u03c4\u03b5\u03c2, \u03c0\u03bb\u03c5\u03bd\u03c4\u03ae\u03c1\u03b9\u03bf \u03c1\u03bf\u03cd\u03c7\u03c9\u03bd, \u03bd\u03c4\u03bf\u03c5\u03c2, bbq \u03bc\u03b5 \u03c4\u03c1\u03b1\u03c0\u03b5\u03b6\u03b1\u03c1\u03af\u03b1 \u03ba\u03ae\u03c0\u03bf\u03c5 \u03ba\u03b1\u03b9 \u03ac\u03bd\u03b5\u03c4\u03bf\u03c2 \u03c3\u03ba\u03b9\u03b5\u03c1\u03cc\u03c2 \u03c7\u03ce\u03c1\u03bf\u03c2 \u03ba\u03b1\u03b8\u03b9\u03c3\u03c4\u03b9\u03ba\u03bf\u03cd. \u0397 \u03bf\u03c1\u03b3\u03b1\u03bd\u03c9\u03bc\u03ad\u03bd\u03b7 \u03b1\u03bc\u03bc\u03ce\u03b4\u03b7\u03c2 \u03c0\u03b1\u03c1\u03b1\u03bb\u03af\u03b1 \u039a\u03c5\u03bb\u03bb\u03ae\u03bd\u03b7\u03c2 \u039c\u03b9\u03bc\u03cc\u03b6\u03b1, \u03b9\u03b4\u03b1\u03bd\u03b9\u03ba\u03ae \u03b3\u03b9\u03b1 \u03c0\u03b1\u03b9\u03b4\u03b9\u03ac, \u03b2\u03c1\u03af\u03c3\u03ba\u03b5\u03c4\u03b1\u03b9 \u03c3\u03b5 1,2 \u03c7\u03bb\u03bc. \u03a3\u03b5 \u03b1\u03c0\u03cc\u03c3\u03c4\u03b1\u03c3\u03b7 3 \u03bb\u03b5\u03c0\u03c4\u03ce\u03bd \u03b1\u03c0\u03cc \u03c4\u03bf \u03c3\u03c5\u03b3\u03ba\u03c1\u03cc\u03c4\u03b7\u03bc\u03b1 \u03c5\u03c0\u03ac\u03c1\u03c7\u03bf\u03c5\u03bd \u03c0\u03b1\u03c1\u03b1\u03b8\u03b1\u03bb\u03ac\u03c3\u03c3\u03b9\u03b5\u03c2 \u03c8\u03b1\u03c1\u03bf\u03c4\u03b1\u03b2\u03ad\u03c1\u03bd\u03b5\u03c2, \u03b5\u03c3\u03c4\u03b9\u03b1\u03c4\u03cc\u03c1\u03b9\u03b1, \u03ba\u03b1\u03c6\u03b5\u03c4\u03ad\u03c1\u03b9\u03b5\u03c2, \u03c6\u03bf\u03cd\u03c1\u03bd\u03bf\u03c2, super market \u03ba\u03b1\u03b9 \u03c6\u03b1\u03c1\u03bc\u03b1\u03ba\u03b5\u03af\u03bf. \u03a4\u03bf \u03bb\u03b9\u03bc\u03ac\u03bd\u03b9 \u03c4\u03b7\u03c2 \u039a\u03c5\u03bb\u03bb\u03ae\u03bd\u03b7\u03c2 \u03b1\u03c0\u03cc \u03c4\u03bf \u03bf\u03c0\u03bf\u03af\u03bf \u03b1\u03bd\u03b1\u03c7\u03c9\u03c1\u03bf\u03cd\u03bd \u03c4\u03b1 \u03c0\u03bb\u03bf\u03af\u03b1 \u03b3\u03b9\u03b1 \u0396\u03ac\u03ba\u03c5\u03bd\u03b8\u03bf, \u039a\u03b5\u03c6\u03b1\u03bb\u03bb\u03bf\u03bd\u03b9\u03ac \u03b2\u03c1\u03af\u03c3\u03ba\u03b5\u03c4\u03b1\u03b9 \u03c3\u03b5 \u03b1\u03c0\u03cc\u03c3\u03c4\u03b1\u03c3\u03b7 3 \u03c7\u03bb\u03bc.\",\"potentialAction\":[{\"@type\":\"SearchAction\",\"target\":{\"@type\":\"EntryPoint\",\"urlTemplate\":\"https:\\\/\\\/fragosstudios.gr\\\/?s={search_term_string}\"},\"query-input\":{\"@type\":\"PropertyValueSpecification\",\"valueRequired\":true,\"valueName\":\"search_term_string\"}}],\"inLanguage\":\"de\"}]}<\/script>\n<!-- \/ Yoast SEO plugin. -->","yoast_head_json":{"title":"Hochzeiten & gesellschaftliche Veranstaltungen - Fragos Garden Studios - \u039a\u03c5\u03bb\u03bb\u03ae\u03bd\u03b7 - \u0395\u03bb\u03bb\u03ac\u03b4\u03b1","robots":{"index":"index","follow":"follow","max-snippet":"max-snippet:-1","max-image-preview":"max-image-preview:large","max-video-preview":"max-video-preview:-1"},"canonical":"https:\/\/fragosstudios.gr\/de\/weddings-social-events\/","og_locale":"de_DE","og_type":"article","og_title":"Hochzeiten & gesellschaftliche Veranstaltungen - Fragos Garden Studios - \u039a\u03c5\u03bb\u03bb\u03ae\u03bd\u03b7 - \u0395\u03bb\u03bb\u03ac\u03b4\u03b1","og_description":"[vc_row fullwidth=&#8220;true&#8220; fullwidth_content=&#8220;false&#8220; css=&#8220;.vc_custom_1717439517999{margin-bottom: 0px !important;padding-bottom: 0px !important;background-color: #f9f9f9 !important;}&#8220;][vc_column][vc_single_image image=&#8220;1775&#8243; img_size=&#8220;full&#8220; alignment=&#8220;center&#8220;][\/vc_column][\/vc_row][vc_row][vc_column][vc_column_text css=&#8220;.vc_custom_1717439523902{margin-bottom: 0px !important;padding-top: 35px !important;}&#8220;] Hochzeiten &amp; gesellschaftliche Veranstaltungen Unser Komplex ist die perfekte Wahl f\u00fcr Paare, die von einem wundersch\u00f6nen und unvergesslichen Hochzeitsempfang in einer Umgebung tr\u00e4umen, die die Sch\u00f6nheit und romantische Aura ihres Tages unterstreicht. Unsere Vorteile sind die k\u00fchle [&hellip;]","og_url":"https:\/\/fragosstudios.gr\/de\/weddings-social-events\/","og_site_name":"Fragos Garden Studios - \u039a\u03c5\u03bb\u03bb\u03ae\u03bd\u03b7 - \u0395\u03bb\u03bb\u03ac\u03b4\u03b1","article_modified_time":"2024-06-03T18:38:59+00:00","twitter_card":"summary_large_image","twitter_misc":{"Gesch\u00e4tzte Lesezeit":"1\u00a0Minute"},"schema":{"@context":"https:\/\/schema.org","@graph":[{"@type":"WebPage","@id":"https:\/\/fragosstudios.gr\/de\/weddings-social-events\/","url":"https:\/\/fragosstudios.gr\/de\/weddings-social-events\/","name":"Hochzeiten & gesellschaftliche Veranstaltungen - Fragos Garden Studios - \u039a\u03c5\u03bb\u03bb\u03ae\u03bd\u03b7 - \u0395\u03bb\u03bb\u03ac\u03b4\u03b1","isPartOf":{"@id":"https:\/\/fragosstudios.gr\/#website"},"datePublished":"2024-06-03T17:55:57+00:00","dateModified":"2024-06-03T18:38:59+00:00","breadcrumb":{"@id":"https:\/\/fragosstudios.gr\/de\/weddings-social-events\/#breadcrumb"},"inLanguage":"de","potentialAction":[{"@type":"ReadAction","target":["https:\/\/fragosstudios.gr\/de\/weddings-social-events\/"]}]},{"@type":"BreadcrumbList","@id":"https:\/\/fragosstudios.gr\/de\/weddings-social-events\/#breadcrumb","itemListElement":[{"@type":"ListItem","position":1,"name":"\u0391\u03c1\u03c7\u03b9\u03ba\u03ae","item":"https:\/\/fragosstudios.gr\/de\/"},{"@type":"ListItem","position":2,"name":"Hochzeiten &#038; gesellschaftliche Veranstaltungen"}]},{"@type":"WebSite","@id":"https:\/\/fragosstudios.gr\/#website","url":"https:\/\/fragosstudios.gr\/","name":"Fragos Garden Studios - \u039a\u03c5\u03bb\u03bb\u03ae\u03bd\u03b7 - \u0395\u03bb\u03bb\u03ac\u03b4\u03b1","description":"\u03a4\u03b1 FRAGOS GARDEN STUDIOS \u03b2\u03c1\u03af\u03c3\u03ba\u03bf\u03bd\u03c4\u03b1\u03b9 \u03bc\u03ad\u03c3\u03b1 \u03c3\u03b5 \u03ad\u03bd\u03b1\u03bd \u03b5\u03be\u03b1\u03b9\u03c1\u03b5\u03c4\u03b9\u03ba\u03cc \u03ba\u03ae\u03c0\u03bf, \u03c3\u03b5 \u03b9\u03b4\u03b9\u03b1\u03af\u03c4\u03b5\u03c1\u03b1 \u03c0\u03c1\u03bf\u03bd\u03bf\u03bc\u03b9\u03b1\u03ba\u03ae \u03b8\u03ad\u03c3\u03b7, \u03b5\u03c0\u03ac\u03bd\u03c9 \u03c3\u03c4\u03bf\u03bd \u03ba\u03b5\u03bd\u03c4\u03c1\u03b9\u03ba\u03cc \u03b4\u03c1\u03cc\u03bc\u03bf \u03c0\u03bf\u03c5 \u03bf\u03b4\u03b7\u03b3\u03b5\u03af \u03c3\u03c4\u03bf \u03c0\u03bf\u03c1\u03b8\u03bc\u03b5\u03af\u03bf \u03c4\u03b7\u03c2 \u039a\u03c5\u03bb\u03bb\u03ae\u03bd\u03b7\u03c2 \u03ba\u03b1\u03b9 \u03b1\u03c0\u03bf\u03c4\u03b5\u03bb\u03bf\u03cd\u03bd\u03c4\u03b1\u03b9 \u03b1\u03c0\u03cc \u03b1\u03c5\u03c4\u03cc\u03bd\u03bf\u03bc\u03b1 studios, \u03b4\u03c9\u03bc\u03ac\u03c4\u03b9\u03b1 \u03ba\u03b1\u03b9 \u03b4\u03b9\u03b1\u03bc\u03b5\u03c1\u03af\u03c3\u03bc\u03b1\u03c4\u03b1 \u03c0\u03bf\u03c5 \u03bb\u03b5\u03b9\u03c4\u03bf\u03c5\u03c1\u03b3\u03bf\u03cd\u03bd \u03cc\u03bb\u03bf \u03c4\u03bf\u03bd \u03c7\u03c1\u03cc\u03bd\u03bf. \u03a4\u03b1 \u03b4\u03c9\u03bc\u03ac\u03c4\u03b9\u03b1 \u03b5\u03af\u03bd\u03b1\u03b9 \u03b5\u03c5\u03c1\u03cd\u03c7\u03c9\u03c1\u03b1, \u03ba\u03b1\u03bb\u03b1\u03af\u03c3\u03b8\u03b7\u03c4\u03b1, \u03c0\u03c1\u03cc\u03c3\u03c6\u03b1\u03c4\u03b1 \u03b1\u03bd\u03b1\u03ba\u03b1\u03b9\u03bd\u03b9\u03c3\u03bc\u03ad\u03bd\u03b1, \u03bc\u03bf\u03bd\u03c4\u03ad\u03c1\u03bd\u03b1 \u03b4\u03b9\u03b1\u03ba\u03bf\u03c3\u03bc\u03b7\u03bc\u03ad\u03bd\u03b1 \u03c3\u03b5 \u03b1\u03c0\u03b1\u03bb\u03bf\u03cd\u03c2 \u03c4\u03cc\u03bd\u03bf\u03c5\u03c2 \u03ba\u03b1\u03b9 \u03cc\u03bb\u03b1 \u03c0\u03b5\u03c1\u03b9\u03bb\u03b1\u03bc\u03b2\u03ac\u03bd\u03bf\u03c5\u03bd \u03b1\u03bd\u03b5\u03be\u03ac\u03c1\u03c4\u03b7\u03c4\u03b5\u03c2 \u03b5\u03c0\u03b9\u03c0\u03bb\u03c9\u03bc\u03ad\u03bd\u03b5\u03c2 \u03b2\u03b5\u03c1\u03ac\u03bd\u03c4\u03b5\u03c2 \u03bc\u03b5 \u03b8\u03ad\u03b1 \u03ba\u03ae\u03c0\u03bf, \u03ba\u03b1\u03b9 \u03ba\u03ac\u03c0\u03bf\u03b9\u03b1 \u03c0\u03bb\u03ae\u03c1\u03c9\u03c2 \u03b5\u03be\u03bf\u03c0\u03bb\u03b9\u03c3\u03bc\u03ad\u03bd\u03b5\u03c2 \u03ba\u03bf\u03c5\u03b6\u03af\u03bd\u03b5\u03c2 \u03bc\u03b5 \u03c4\u03c1\u03b1\u03c0\u03b5\u03b6\u03b1\u03c1\u03af\u03b1, \u03bc\u03b1\u03b3\u03b5\u03b9\u03c1\u03b9\u03ba\u03ac \u03c3\u03ba\u03b5\u03cd\u03b7 \u03ba\u03b1\u03b9 \u03c8\u03c5\u03b3\u03b5\u03af\u03bf \u03bc\u03b5\u03b3\u03ac\u03bb\u03bf\u03c5 \u03bc\u03b5\u03b3\u03ad\u03b8\u03bf\u03c5\u03c2 \u03ba\u03b1\u03b9 \u03bc\u03bf\u03bd\u03c4\u03ad\u03c1\u03bd\u03bf WC \u03bc\u03b5 \u03bc\u03c0\u03b1\u03bd\u03b9\u03ad\u03c1\u03b1 \u03ae \u03bd\u03c4\u03bf\u03c5\u03b6\u03b9\u03ad\u03c1\u03b1. \u038c\u03bb\u03b1 \u03c4\u03b1 \u03b4\u03c9\u03bc\u03ac\u03c4\u03b9\u03b1 \u03b4\u03b9\u03b1\u03b8\u03ad\u03c4\u03bf\u03c5\u03bd \u03ba\u03bb\u03b9\u03bc\u03b1\u03c4\u03b9\u03c3\u03bc\u03cc \u03ba\u03b1\u03b9 \u03b1\u03c5\u03c4\u03cc\u03bd\u03bf\u03bc\u03b7 \u03b8\u03ad\u03c1\u03bc\u03b1\u03bd\u03c3\u03b7 \u03bc\u03b5 \u03ba\u03b1\u03bb\u03bf\u03c1\u03b9\u03c6\u03ad\u03c1, TV LCD 26 \u03af\u03bd\u03c4\u03c3\u03b5\u03c2, \u03b8\u03c5\u03c1\u03af\u03b4\u03b1 \u03b1\u03c3\u03c6\u03b1\u03bb\u03b5\u03af\u03b1\u03c2, \u03c3\u03af\u03b4\u03b5\u03c1\u03bf \u03ba\u03b1\u03b9 \u03b5\u03b3\u03ba\u03b1\u03c4\u03b1\u03c3\u03c4\u03ac\u03c3\u03b5\u03b9\u03c2 \u03c3\u03b9\u03b4\u03b5\u03c1\u03ce\u03bc\u03b1\u03c4\u03bf\u03c2, \u03b4\u03c9\u03c1\u03b5\u03ac\u03bd Wi Fi, \u03b1\u03bb\u03bf\u03c5\u03bc\u03af\u03bd\u03b9\u03b1 \u03b1\u03c3\u03c6\u03b1\u03bb\u03b5\u03af\u03b1\u03c2 \u03ba\u03b1\u03b9 \u03c3\u03af\u03c4\u03b5\u03c2. \u03a3\u03c4\u03b9\u03c2 \u03bc\u03bf\u03bd\u03ac\u03b4\u03b5\u03c2 \u03c0\u03b1\u03c1\u03ad\u03c7\u03b5\u03c4\u03b1\u03b9 \u03ba\u03b1\u03b8\u03b7\u03bc\u03b5\u03c1\u03b9\u03bd\u03ac \u03c5\u03c0\u03b7\u03c1\u03b5\u03c3\u03af\u03b1 \u03ba\u03b1\u03b8\u03b1\u03c1\u03b9\u03cc\u03c4\u03b7\u03c4\u03b1\u03c2, \u03b5\u03bd\u03ce \u03b3\u03b9\u03b1 \u03b5\u03c0\u03b9\u03c0\u03bb\u03ad\u03bf\u03bd \u03ac\u03bd\u03b5\u03c3\u03b7, \u03b4\u03b9\u03b1\u03c4\u03af\u03b8\u03b5\u03bd\u03c4\u03b1\u03b9 \u03bc\u03c0\u03bf\u03c5\u03c1\u03bd\u03bf\u03cd\u03b6\u03b9\u03b1 \u03ba\u03b1\u03b9 \u03c0\u03b1\u03bd\u03c4\u03cc\u03c6\u03bb\u03b5\u03c2, \u03c0\u03c1\u03bf\u03ca\u03cc\u03bd\u03c4\u03b1 \u03c0\u03b5\u03c1\u03b9\u03c0\u03bf\u03af\u03b7\u03c3\u03b7\u03c2 \u03ba\u03b1\u03b9 \u03c3\u03c4\u03b5\u03b3\u03bd\u03c9\u03c4\u03ae\u03c1\u03b1 \u03bc\u03b1\u03bb\u03bb\u03b9\u03ce\u03bd. \u03a3\u03c4\u03bf\u03c5\u03c2 \u03ba\u03bf\u03b9\u03bd\u03cc\u03c7\u03c1\u03b7\u03c3\u03c4\u03bf\u03c5\u03c2 \u03c7\u03ce\u03c1\u03bf\u03c5\u03c2 \u03c5\u03c0\u03ac\u03c1\u03c7\u03b5\u03b9 \u03b4\u03c9\u03c1\u03b5\u03ac\u03bd \u03b1\u03c3\u03c6\u03b1\u03bb\u03ae\u03c2 \u03c7\u03ce\u03c1\u03bf\u03c2 \u03c3\u03c4\u03ac\u03b8\u03bc\u03b5\u03c5\u03c3\u03b7\u03c2, \u03ae\u03c3\u03c5\u03c7\u03bf\u03c2 \u03ba\u03ae\u03c0\u03bf\u03c2 \u03bc\u03b5 \u03b4\u03ad\u03bd\u03c4\u03c1\u03b1 \u03ba\u03b1\u03b9 \u03b3\u03ba\u03b1\u03b6\u03cc\u03bd 3.500 \u03c4\u03bc, \u03c0\u03b1\u03b9\u03b4\u03b9\u03ba\u03ae \u03c7\u03b1\u03c1\u03ac, \u03be\u03b1\u03c0\u03bb\u03ce\u03c3\u03c4\u03c1\u03b5\u03c2, \u03c4\u03bf\u03c5\u03b1\u03bb\u03ad\u03c4\u03b5\u03c2, \u03c0\u03bb\u03c5\u03bd\u03c4\u03ae\u03c1\u03b9\u03bf \u03c1\u03bf\u03cd\u03c7\u03c9\u03bd, \u03bd\u03c4\u03bf\u03c5\u03c2, bbq \u03bc\u03b5 \u03c4\u03c1\u03b1\u03c0\u03b5\u03b6\u03b1\u03c1\u03af\u03b1 \u03ba\u03ae\u03c0\u03bf\u03c5 \u03ba\u03b1\u03b9 \u03ac\u03bd\u03b5\u03c4\u03bf\u03c2 \u03c3\u03ba\u03b9\u03b5\u03c1\u03cc\u03c2 \u03c7\u03ce\u03c1\u03bf\u03c2 \u03ba\u03b1\u03b8\u03b9\u03c3\u03c4\u03b9\u03ba\u03bf\u03cd. \u0397 \u03bf\u03c1\u03b3\u03b1\u03bd\u03c9\u03bc\u03ad\u03bd\u03b7 \u03b1\u03bc\u03bc\u03ce\u03b4\u03b7\u03c2 \u03c0\u03b1\u03c1\u03b1\u03bb\u03af\u03b1 \u039a\u03c5\u03bb\u03bb\u03ae\u03bd\u03b7\u03c2 \u039c\u03b9\u03bc\u03cc\u03b6\u03b1, \u03b9\u03b4\u03b1\u03bd\u03b9\u03ba\u03ae \u03b3\u03b9\u03b1 \u03c0\u03b1\u03b9\u03b4\u03b9\u03ac, \u03b2\u03c1\u03af\u03c3\u03ba\u03b5\u03c4\u03b1\u03b9 \u03c3\u03b5 1,2 \u03c7\u03bb\u03bc. \u03a3\u03b5 \u03b1\u03c0\u03cc\u03c3\u03c4\u03b1\u03c3\u03b7 3 \u03bb\u03b5\u03c0\u03c4\u03ce\u03bd \u03b1\u03c0\u03cc \u03c4\u03bf \u03c3\u03c5\u03b3\u03ba\u03c1\u03cc\u03c4\u03b7\u03bc\u03b1 \u03c5\u03c0\u03ac\u03c1\u03c7\u03bf\u03c5\u03bd \u03c0\u03b1\u03c1\u03b1\u03b8\u03b1\u03bb\u03ac\u03c3\u03c3\u03b9\u03b5\u03c2 \u03c8\u03b1\u03c1\u03bf\u03c4\u03b1\u03b2\u03ad\u03c1\u03bd\u03b5\u03c2, \u03b5\u03c3\u03c4\u03b9\u03b1\u03c4\u03cc\u03c1\u03b9\u03b1, \u03ba\u03b1\u03c6\u03b5\u03c4\u03ad\u03c1\u03b9\u03b5\u03c2, \u03c6\u03bf\u03cd\u03c1\u03bd\u03bf\u03c2, super market \u03ba\u03b1\u03b9 \u03c6\u03b1\u03c1\u03bc\u03b1\u03ba\u03b5\u03af\u03bf. \u03a4\u03bf \u03bb\u03b9\u03bc\u03ac\u03bd\u03b9 \u03c4\u03b7\u03c2 \u039a\u03c5\u03bb\u03bb\u03ae\u03bd\u03b7\u03c2 \u03b1\u03c0\u03cc \u03c4\u03bf \u03bf\u03c0\u03bf\u03af\u03bf \u03b1\u03bd\u03b1\u03c7\u03c9\u03c1\u03bf\u03cd\u03bd \u03c4\u03b1 \u03c0\u03bb\u03bf\u03af\u03b1 \u03b3\u03b9\u03b1 \u0396\u03ac\u03ba\u03c5\u03bd\u03b8\u03bf, \u039a\u03b5\u03c6\u03b1\u03bb\u03bb\u03bf\u03bd\u03b9\u03ac \u03b2\u03c1\u03af\u03c3\u03ba\u03b5\u03c4\u03b1\u03b9 \u03c3\u03b5 \u03b1\u03c0\u03cc\u03c3\u03c4\u03b1\u03c3\u03b7 3 \u03c7\u03bb\u03bc.","potentialAction":[{"@type":"SearchAction","target":{"@type":"EntryPoint","urlTemplate":"https:\/\/fragosstudios.gr\/?s={search_term_string}"},"query-input":{"@type":"PropertyValueSpecification","valueRequired":true,"valueName":"search_term_string"}}],"inLanguage":"de"}]}},"_links":{"self":[{"href":"https:\/\/fragosstudios.gr\/de\/wp-json\/wp\/v2\/pages\/1836","targetHints":{"allow":["GET"]}}],"collection":[{"href":"https:\/\/fragosstudios.gr\/de\/wp-json\/wp\/v2\/pages"}],"about":[{"href":"https:\/\/fragosstudios.gr\/de\/wp-json\/wp\/v2\/types\/page"}],"author":[{"embeddable":true,"href":"https:\/\/fragosstudios.gr\/de\/wp-json\/wp\/v2\/users\/1"}],"replies":[{"embeddable":true,"href":"https:\/\/fragosstudios.gr\/de\/wp-json\/wp\/v2\/comments?post=1836"}],"version-history":[{"count":1,"href":"https:\/\/fragosstudios.gr\/de\/wp-json\/wp\/v2\/pages\/1836\/revisions"}],"predecessor-version":[{"id":1841,"href":"https:\/\/fragosstudios.gr\/de\/wp-json\/wp\/v2\/pages\/1836\/revisions\/1841"}],"wp:attachment":[{"href":"https:\/\/fragosstudios.gr\/de\/wp-json\/wp\/v2\/media?parent=1836"}],"curies":[{"name":"wp","href":"https:\/\/api.w.org\/{rel}","templated":true}]}}