{"id":1835,"date":"2024-06-03T19:55:57","date_gmt":"2024-06-03T17:55:57","guid":{"rendered":"https:\/\/fragosstudios.gr\/weddings-social-events\/"},"modified":"2024-06-03T20:38:44","modified_gmt":"2024-06-03T18:38:44","slug":"weddings-social-events","status":"publish","type":"page","link":"https:\/\/fragosstudios.gr\/fr\/weddings-social-events\/","title":{"rendered":"Weddings &#038; social events"},"content":{"rendered":"[vc_row fullwidth=\u00a0\u00bbtrue\u00a0\u00bb fullwidth_content=\u00a0\u00bbfalse\u00a0\u00bb css=\u00a0\u00bb.vc_custom_1717439517999{margin-bottom: 0px !important;padding-bottom: 0px !important;background-color: #f9f9f9 !important;}\u00a0\u00bb][vc_column][vc_single_image image=\u00a0\u00bb1775&Prime; img_size=\u00a0\u00bbfull\u00a0\u00bb alignment=\u00a0\u00bbcenter\u00a0\u00bb][\/vc_column][\/vc_row][vc_row][vc_column][vc_column_text css=\u00a0\u00bb.vc_custom_1717439797804{margin-bottom: 0px !important;padding-top: 35px !important;}\u00a0\u00bb]\n<h2 style=\"text-align: center;\">Mariages et \u00e9v\u00e9nements sociaux<\/h2>\n<p style=\"text-align: center;\">Notre complexe est le choix id\u00e9al pour les couples qui r\u00eavent d\u2019une r\u00e9ception de mariage magnifique et inoubliable dans un environnement qui met en valeur la beaut\u00e9 et l\u2019aura romantique de leur journ\u00e9e.<\/p>\n<p style=\"text-align: center;\">Nos avantages sont l&rsquo;environnement frais lors des chaudes journ\u00e9es d&rsquo;\u00e9t\u00e9, l&rsquo;atmosph\u00e8re naturelle environnante, le ciel \u00e9toil\u00e9, le parking confortable ainsi que l&rsquo;h\u00e9bergement de vos invit\u00e9s (en fonction de la capacit\u00e9) au sein du complexe.<\/p>\n[\/vc_column_text][\/vc_column][\/vc_row][vc_row][vc_column][mk_gallery images=\u00a0\u00bb1798,1804,1810,1816,1822,1759&Prime; height=\u00a0\u00bb317&Prime;][\/vc_column][\/vc_row]\n","protected":false},"excerpt":{"rendered":"<p>[vc_row fullwidth=\u00a0\u00bbtrue\u00a0\u00bb fullwidth_content=\u00a0\u00bbfalse\u00a0\u00bb css=\u00a0\u00bb.vc_custom_1717439517999{margin-bottom: 0px !important;padding-bottom: 0px !important;background-color: #f9f9f9 !important;}\u00a0\u00bb][vc_column][vc_single_image image=\u00a0\u00bb1775&Prime; img_size=\u00a0\u00bbfull\u00a0\u00bb alignment=\u00a0\u00bbcenter\u00a0\u00bb][\/vc_column][\/vc_row][vc_row][vc_column][vc_column_text css=\u00a0\u00bb.vc_custom_1717439797804{margin-bottom: 0px !important;padding-top: 35px !important;}\u00a0\u00bb] Mariages et \u00e9v\u00e9nements sociaux Notre complexe est le choix id\u00e9al pour les couples qui r\u00eavent d\u2019une r\u00e9ception de mariage magnifique et inoubliable dans un environnement qui met en valeur la beaut\u00e9 et l\u2019aura romantique de leur journ\u00e9e. [&hellip;]<\/p>\n","protected":false},"author":1,"featured_media":0,"parent":0,"menu_order":0,"comment_status":"closed","ping_status":"closed","template":"","meta":{"footnotes":""},"class_list":["post-1835","page","type-page","status-publish","hentry"],"yoast_head":"<!-- This site is optimized with the Yoast SEO plugin v27.3 - https:\/\/yoast.com\/product\/yoast-seo-wordpress\/ -->\n<title>Weddings &amp; social events - Fragos Garden Studios - \u039a\u03c5\u03bb\u03bb\u03ae\u03bd\u03b7 - \u0395\u03bb\u03bb\u03ac\u03b4\u03b1<\/title>\n<meta name=\"robots\" content=\"index, follow, max-snippet:-1, max-image-preview:large, max-video-preview:-1\" \/>\n<link rel=\"canonical\" href=\"https:\/\/fragosstudios.gr\/fr\/weddings-social-events\/\" \/>\n<meta property=\"og:locale\" content=\"fr_FR\" \/>\n<meta property=\"og:type\" content=\"article\" \/>\n<meta property=\"og:title\" content=\"Weddings &amp; social events - Fragos Garden Studios - \u039a\u03c5\u03bb\u03bb\u03ae\u03bd\u03b7 - \u0395\u03bb\u03bb\u03ac\u03b4\u03b1\" \/>\n<meta property=\"og:description\" content=\"[vc_row fullwidth=\u00a0\u00bbtrue\u00a0\u00bb fullwidth_content=\u00a0\u00bbfalse\u00a0\u00bb css=\u00a0\u00bb.vc_custom_1717439517999{margin-bottom: 0px !important;padding-bottom: 0px !important;background-color: #f9f9f9 !important;}\u00a0\u00bb][vc_column][vc_single_image image=\u00a0\u00bb1775&Prime; img_size=\u00a0\u00bbfull\u00a0\u00bb alignment=\u00a0\u00bbcenter\u00a0\u00bb][\/vc_column][\/vc_row][vc_row][vc_column][vc_column_text css=\u00a0\u00bb.vc_custom_1717439797804{margin-bottom: 0px !important;padding-top: 35px !important;}\u00a0\u00bb] Mariages et \u00e9v\u00e9nements sociaux Notre complexe est le choix id\u00e9al pour les couples qui r\u00eavent d\u2019une r\u00e9ception de mariage magnifique et inoubliable dans un environnement qui met en valeur la beaut\u00e9 et l\u2019aura romantique de leur journ\u00e9e. [&hellip;]\" \/>\n<meta property=\"og:url\" content=\"https:\/\/fragosstudios.gr\/fr\/weddings-social-events\/\" \/>\n<meta property=\"og:site_name\" content=\"Fragos Garden Studios - \u039a\u03c5\u03bb\u03bb\u03ae\u03bd\u03b7 - \u0395\u03bb\u03bb\u03ac\u03b4\u03b1\" \/>\n<meta property=\"article:modified_time\" content=\"2024-06-03T18:38:44+00:00\" \/>\n<meta name=\"twitter:card\" content=\"summary_large_image\" \/>\n<meta name=\"twitter:label1\" content=\"Dur\u00e9e de lecture estim\u00e9e\" \/>\n\t<meta name=\"twitter:data1\" content=\"2 minutes\" \/>\n<script type=\"application\/ld+json\" class=\"yoast-schema-graph\">{\"@context\":\"https:\\\/\\\/schema.org\",\"@graph\":[{\"@type\":\"WebPage\",\"@id\":\"https:\\\/\\\/fragosstudios.gr\\\/fr\\\/weddings-social-events\\\/\",\"url\":\"https:\\\/\\\/fragosstudios.gr\\\/fr\\\/weddings-social-events\\\/\",\"name\":\"Weddings & social events - Fragos Garden Studios - \u039a\u03c5\u03bb\u03bb\u03ae\u03bd\u03b7 - \u0395\u03bb\u03bb\u03ac\u03b4\u03b1\",\"isPartOf\":{\"@id\":\"https:\\\/\\\/fragosstudios.gr\\\/#website\"},\"datePublished\":\"2024-06-03T17:55:57+00:00\",\"dateModified\":\"2024-06-03T18:38:44+00:00\",\"breadcrumb\":{\"@id\":\"https:\\\/\\\/fragosstudios.gr\\\/fr\\\/weddings-social-events\\\/#breadcrumb\"},\"inLanguage\":\"fr-FR\",\"potentialAction\":[{\"@type\":\"ReadAction\",\"target\":[\"https:\\\/\\\/fragosstudios.gr\\\/fr\\\/weddings-social-events\\\/\"]}]},{\"@type\":\"BreadcrumbList\",\"@id\":\"https:\\\/\\\/fragosstudios.gr\\\/fr\\\/weddings-social-events\\\/#breadcrumb\",\"itemListElement\":[{\"@type\":\"ListItem\",\"position\":1,\"name\":\"\u0391\u03c1\u03c7\u03b9\u03ba\u03ae\",\"item\":\"https:\\\/\\\/fragosstudios.gr\\\/fr\\\/\"},{\"@type\":\"ListItem\",\"position\":2,\"name\":\"Weddings &#038; social events\"}]},{\"@type\":\"WebSite\",\"@id\":\"https:\\\/\\\/fragosstudios.gr\\\/#website\",\"url\":\"https:\\\/\\\/fragosstudios.gr\\\/\",\"name\":\"Fragos Garden Studios - \u039a\u03c5\u03bb\u03bb\u03ae\u03bd\u03b7 - \u0395\u03bb\u03bb\u03ac\u03b4\u03b1\",\"description\":\"\u03a4\u03b1 FRAGOS GARDEN STUDIOS \u03b2\u03c1\u03af\u03c3\u03ba\u03bf\u03bd\u03c4\u03b1\u03b9 \u03bc\u03ad\u03c3\u03b1 \u03c3\u03b5 \u03ad\u03bd\u03b1\u03bd \u03b5\u03be\u03b1\u03b9\u03c1\u03b5\u03c4\u03b9\u03ba\u03cc \u03ba\u03ae\u03c0\u03bf, \u03c3\u03b5 \u03b9\u03b4\u03b9\u03b1\u03af\u03c4\u03b5\u03c1\u03b1 \u03c0\u03c1\u03bf\u03bd\u03bf\u03bc\u03b9\u03b1\u03ba\u03ae \u03b8\u03ad\u03c3\u03b7, \u03b5\u03c0\u03ac\u03bd\u03c9 \u03c3\u03c4\u03bf\u03bd \u03ba\u03b5\u03bd\u03c4\u03c1\u03b9\u03ba\u03cc \u03b4\u03c1\u03cc\u03bc\u03bf \u03c0\u03bf\u03c5 \u03bf\u03b4\u03b7\u03b3\u03b5\u03af \u03c3\u03c4\u03bf \u03c0\u03bf\u03c1\u03b8\u03bc\u03b5\u03af\u03bf \u03c4\u03b7\u03c2 \u039a\u03c5\u03bb\u03bb\u03ae\u03bd\u03b7\u03c2 \u03ba\u03b1\u03b9 \u03b1\u03c0\u03bf\u03c4\u03b5\u03bb\u03bf\u03cd\u03bd\u03c4\u03b1\u03b9 \u03b1\u03c0\u03cc \u03b1\u03c5\u03c4\u03cc\u03bd\u03bf\u03bc\u03b1 studios, \u03b4\u03c9\u03bc\u03ac\u03c4\u03b9\u03b1 \u03ba\u03b1\u03b9 \u03b4\u03b9\u03b1\u03bc\u03b5\u03c1\u03af\u03c3\u03bc\u03b1\u03c4\u03b1 \u03c0\u03bf\u03c5 \u03bb\u03b5\u03b9\u03c4\u03bf\u03c5\u03c1\u03b3\u03bf\u03cd\u03bd \u03cc\u03bb\u03bf \u03c4\u03bf\u03bd \u03c7\u03c1\u03cc\u03bd\u03bf. \u03a4\u03b1 \u03b4\u03c9\u03bc\u03ac\u03c4\u03b9\u03b1 \u03b5\u03af\u03bd\u03b1\u03b9 \u03b5\u03c5\u03c1\u03cd\u03c7\u03c9\u03c1\u03b1, \u03ba\u03b1\u03bb\u03b1\u03af\u03c3\u03b8\u03b7\u03c4\u03b1, \u03c0\u03c1\u03cc\u03c3\u03c6\u03b1\u03c4\u03b1 \u03b1\u03bd\u03b1\u03ba\u03b1\u03b9\u03bd\u03b9\u03c3\u03bc\u03ad\u03bd\u03b1, \u03bc\u03bf\u03bd\u03c4\u03ad\u03c1\u03bd\u03b1 \u03b4\u03b9\u03b1\u03ba\u03bf\u03c3\u03bc\u03b7\u03bc\u03ad\u03bd\u03b1 \u03c3\u03b5 \u03b1\u03c0\u03b1\u03bb\u03bf\u03cd\u03c2 \u03c4\u03cc\u03bd\u03bf\u03c5\u03c2 \u03ba\u03b1\u03b9 \u03cc\u03bb\u03b1 \u03c0\u03b5\u03c1\u03b9\u03bb\u03b1\u03bc\u03b2\u03ac\u03bd\u03bf\u03c5\u03bd \u03b1\u03bd\u03b5\u03be\u03ac\u03c1\u03c4\u03b7\u03c4\u03b5\u03c2 \u03b5\u03c0\u03b9\u03c0\u03bb\u03c9\u03bc\u03ad\u03bd\u03b5\u03c2 \u03b2\u03b5\u03c1\u03ac\u03bd\u03c4\u03b5\u03c2 \u03bc\u03b5 \u03b8\u03ad\u03b1 \u03ba\u03ae\u03c0\u03bf, \u03ba\u03b1\u03b9 \u03ba\u03ac\u03c0\u03bf\u03b9\u03b1 \u03c0\u03bb\u03ae\u03c1\u03c9\u03c2 \u03b5\u03be\u03bf\u03c0\u03bb\u03b9\u03c3\u03bc\u03ad\u03bd\u03b5\u03c2 \u03ba\u03bf\u03c5\u03b6\u03af\u03bd\u03b5\u03c2 \u03bc\u03b5 \u03c4\u03c1\u03b1\u03c0\u03b5\u03b6\u03b1\u03c1\u03af\u03b1, \u03bc\u03b1\u03b3\u03b5\u03b9\u03c1\u03b9\u03ba\u03ac \u03c3\u03ba\u03b5\u03cd\u03b7 \u03ba\u03b1\u03b9 \u03c8\u03c5\u03b3\u03b5\u03af\u03bf \u03bc\u03b5\u03b3\u03ac\u03bb\u03bf\u03c5 \u03bc\u03b5\u03b3\u03ad\u03b8\u03bf\u03c5\u03c2 \u03ba\u03b1\u03b9 \u03bc\u03bf\u03bd\u03c4\u03ad\u03c1\u03bd\u03bf WC \u03bc\u03b5 \u03bc\u03c0\u03b1\u03bd\u03b9\u03ad\u03c1\u03b1 \u03ae \u03bd\u03c4\u03bf\u03c5\u03b6\u03b9\u03ad\u03c1\u03b1. \u038c\u03bb\u03b1 \u03c4\u03b1 \u03b4\u03c9\u03bc\u03ac\u03c4\u03b9\u03b1 \u03b4\u03b9\u03b1\u03b8\u03ad\u03c4\u03bf\u03c5\u03bd \u03ba\u03bb\u03b9\u03bc\u03b1\u03c4\u03b9\u03c3\u03bc\u03cc \u03ba\u03b1\u03b9 \u03b1\u03c5\u03c4\u03cc\u03bd\u03bf\u03bc\u03b7 \u03b8\u03ad\u03c1\u03bc\u03b1\u03bd\u03c3\u03b7 \u03bc\u03b5 \u03ba\u03b1\u03bb\u03bf\u03c1\u03b9\u03c6\u03ad\u03c1, TV LCD 26 \u03af\u03bd\u03c4\u03c3\u03b5\u03c2, \u03b8\u03c5\u03c1\u03af\u03b4\u03b1 \u03b1\u03c3\u03c6\u03b1\u03bb\u03b5\u03af\u03b1\u03c2, \u03c3\u03af\u03b4\u03b5\u03c1\u03bf \u03ba\u03b1\u03b9 \u03b5\u03b3\u03ba\u03b1\u03c4\u03b1\u03c3\u03c4\u03ac\u03c3\u03b5\u03b9\u03c2 \u03c3\u03b9\u03b4\u03b5\u03c1\u03ce\u03bc\u03b1\u03c4\u03bf\u03c2, \u03b4\u03c9\u03c1\u03b5\u03ac\u03bd Wi Fi, \u03b1\u03bb\u03bf\u03c5\u03bc\u03af\u03bd\u03b9\u03b1 \u03b1\u03c3\u03c6\u03b1\u03bb\u03b5\u03af\u03b1\u03c2 \u03ba\u03b1\u03b9 \u03c3\u03af\u03c4\u03b5\u03c2. \u03a3\u03c4\u03b9\u03c2 \u03bc\u03bf\u03bd\u03ac\u03b4\u03b5\u03c2 \u03c0\u03b1\u03c1\u03ad\u03c7\u03b5\u03c4\u03b1\u03b9 \u03ba\u03b1\u03b8\u03b7\u03bc\u03b5\u03c1\u03b9\u03bd\u03ac \u03c5\u03c0\u03b7\u03c1\u03b5\u03c3\u03af\u03b1 \u03ba\u03b1\u03b8\u03b1\u03c1\u03b9\u03cc\u03c4\u03b7\u03c4\u03b1\u03c2, \u03b5\u03bd\u03ce \u03b3\u03b9\u03b1 \u03b5\u03c0\u03b9\u03c0\u03bb\u03ad\u03bf\u03bd \u03ac\u03bd\u03b5\u03c3\u03b7, \u03b4\u03b9\u03b1\u03c4\u03af\u03b8\u03b5\u03bd\u03c4\u03b1\u03b9 \u03bc\u03c0\u03bf\u03c5\u03c1\u03bd\u03bf\u03cd\u03b6\u03b9\u03b1 \u03ba\u03b1\u03b9 \u03c0\u03b1\u03bd\u03c4\u03cc\u03c6\u03bb\u03b5\u03c2, \u03c0\u03c1\u03bf\u03ca\u03cc\u03bd\u03c4\u03b1 \u03c0\u03b5\u03c1\u03b9\u03c0\u03bf\u03af\u03b7\u03c3\u03b7\u03c2 \u03ba\u03b1\u03b9 \u03c3\u03c4\u03b5\u03b3\u03bd\u03c9\u03c4\u03ae\u03c1\u03b1 \u03bc\u03b1\u03bb\u03bb\u03b9\u03ce\u03bd. \u03a3\u03c4\u03bf\u03c5\u03c2 \u03ba\u03bf\u03b9\u03bd\u03cc\u03c7\u03c1\u03b7\u03c3\u03c4\u03bf\u03c5\u03c2 \u03c7\u03ce\u03c1\u03bf\u03c5\u03c2 \u03c5\u03c0\u03ac\u03c1\u03c7\u03b5\u03b9 \u03b4\u03c9\u03c1\u03b5\u03ac\u03bd \u03b1\u03c3\u03c6\u03b1\u03bb\u03ae\u03c2 \u03c7\u03ce\u03c1\u03bf\u03c2 \u03c3\u03c4\u03ac\u03b8\u03bc\u03b5\u03c5\u03c3\u03b7\u03c2, \u03ae\u03c3\u03c5\u03c7\u03bf\u03c2 \u03ba\u03ae\u03c0\u03bf\u03c2 \u03bc\u03b5 \u03b4\u03ad\u03bd\u03c4\u03c1\u03b1 \u03ba\u03b1\u03b9 \u03b3\u03ba\u03b1\u03b6\u03cc\u03bd 3.500 \u03c4\u03bc, \u03c0\u03b1\u03b9\u03b4\u03b9\u03ba\u03ae \u03c7\u03b1\u03c1\u03ac, \u03be\u03b1\u03c0\u03bb\u03ce\u03c3\u03c4\u03c1\u03b5\u03c2, \u03c4\u03bf\u03c5\u03b1\u03bb\u03ad\u03c4\u03b5\u03c2, \u03c0\u03bb\u03c5\u03bd\u03c4\u03ae\u03c1\u03b9\u03bf \u03c1\u03bf\u03cd\u03c7\u03c9\u03bd, \u03bd\u03c4\u03bf\u03c5\u03c2, bbq \u03bc\u03b5 \u03c4\u03c1\u03b1\u03c0\u03b5\u03b6\u03b1\u03c1\u03af\u03b1 \u03ba\u03ae\u03c0\u03bf\u03c5 \u03ba\u03b1\u03b9 \u03ac\u03bd\u03b5\u03c4\u03bf\u03c2 \u03c3\u03ba\u03b9\u03b5\u03c1\u03cc\u03c2 \u03c7\u03ce\u03c1\u03bf\u03c2 \u03ba\u03b1\u03b8\u03b9\u03c3\u03c4\u03b9\u03ba\u03bf\u03cd. \u0397 \u03bf\u03c1\u03b3\u03b1\u03bd\u03c9\u03bc\u03ad\u03bd\u03b7 \u03b1\u03bc\u03bc\u03ce\u03b4\u03b7\u03c2 \u03c0\u03b1\u03c1\u03b1\u03bb\u03af\u03b1 \u039a\u03c5\u03bb\u03bb\u03ae\u03bd\u03b7\u03c2 \u039c\u03b9\u03bc\u03cc\u03b6\u03b1, \u03b9\u03b4\u03b1\u03bd\u03b9\u03ba\u03ae \u03b3\u03b9\u03b1 \u03c0\u03b1\u03b9\u03b4\u03b9\u03ac, \u03b2\u03c1\u03af\u03c3\u03ba\u03b5\u03c4\u03b1\u03b9 \u03c3\u03b5 1,2 \u03c7\u03bb\u03bc. \u03a3\u03b5 \u03b1\u03c0\u03cc\u03c3\u03c4\u03b1\u03c3\u03b7 3 \u03bb\u03b5\u03c0\u03c4\u03ce\u03bd \u03b1\u03c0\u03cc \u03c4\u03bf \u03c3\u03c5\u03b3\u03ba\u03c1\u03cc\u03c4\u03b7\u03bc\u03b1 \u03c5\u03c0\u03ac\u03c1\u03c7\u03bf\u03c5\u03bd \u03c0\u03b1\u03c1\u03b1\u03b8\u03b1\u03bb\u03ac\u03c3\u03c3\u03b9\u03b5\u03c2 \u03c8\u03b1\u03c1\u03bf\u03c4\u03b1\u03b2\u03ad\u03c1\u03bd\u03b5\u03c2, \u03b5\u03c3\u03c4\u03b9\u03b1\u03c4\u03cc\u03c1\u03b9\u03b1, \u03ba\u03b1\u03c6\u03b5\u03c4\u03ad\u03c1\u03b9\u03b5\u03c2, \u03c6\u03bf\u03cd\u03c1\u03bd\u03bf\u03c2, super market \u03ba\u03b1\u03b9 \u03c6\u03b1\u03c1\u03bc\u03b1\u03ba\u03b5\u03af\u03bf. \u03a4\u03bf \u03bb\u03b9\u03bc\u03ac\u03bd\u03b9 \u03c4\u03b7\u03c2 \u039a\u03c5\u03bb\u03bb\u03ae\u03bd\u03b7\u03c2 \u03b1\u03c0\u03cc \u03c4\u03bf \u03bf\u03c0\u03bf\u03af\u03bf \u03b1\u03bd\u03b1\u03c7\u03c9\u03c1\u03bf\u03cd\u03bd \u03c4\u03b1 \u03c0\u03bb\u03bf\u03af\u03b1 \u03b3\u03b9\u03b1 \u0396\u03ac\u03ba\u03c5\u03bd\u03b8\u03bf, \u039a\u03b5\u03c6\u03b1\u03bb\u03bb\u03bf\u03bd\u03b9\u03ac \u03b2\u03c1\u03af\u03c3\u03ba\u03b5\u03c4\u03b1\u03b9 \u03c3\u03b5 \u03b1\u03c0\u03cc\u03c3\u03c4\u03b1\u03c3\u03b7 3 \u03c7\u03bb\u03bc.\",\"potentialAction\":[{\"@type\":\"SearchAction\",\"target\":{\"@type\":\"EntryPoint\",\"urlTemplate\":\"https:\\\/\\\/fragosstudios.gr\\\/?s={search_term_string}\"},\"query-input\":{\"@type\":\"PropertyValueSpecification\",\"valueRequired\":true,\"valueName\":\"search_term_string\"}}],\"inLanguage\":\"fr-FR\"}]}<\/script>\n<!-- \/ Yoast SEO plugin. -->","yoast_head_json":{"title":"Weddings & social events - Fragos Garden Studios - \u039a\u03c5\u03bb\u03bb\u03ae\u03bd\u03b7 - \u0395\u03bb\u03bb\u03ac\u03b4\u03b1","robots":{"index":"index","follow":"follow","max-snippet":"max-snippet:-1","max-image-preview":"max-image-preview:large","max-video-preview":"max-video-preview:-1"},"canonical":"https:\/\/fragosstudios.gr\/fr\/weddings-social-events\/","og_locale":"fr_FR","og_type":"article","og_title":"Weddings & social events - Fragos Garden Studios - \u039a\u03c5\u03bb\u03bb\u03ae\u03bd\u03b7 - \u0395\u03bb\u03bb\u03ac\u03b4\u03b1","og_description":"[vc_row fullwidth=\u00a0\u00bbtrue\u00a0\u00bb fullwidth_content=\u00a0\u00bbfalse\u00a0\u00bb css=\u00a0\u00bb.vc_custom_1717439517999{margin-bottom: 0px !important;padding-bottom: 0px !important;background-color: #f9f9f9 !important;}\u00a0\u00bb][vc_column][vc_single_image image=\u00a0\u00bb1775&Prime; img_size=\u00a0\u00bbfull\u00a0\u00bb alignment=\u00a0\u00bbcenter\u00a0\u00bb][\/vc_column][\/vc_row][vc_row][vc_column][vc_column_text css=\u00a0\u00bb.vc_custom_1717439797804{margin-bottom: 0px !important;padding-top: 35px !important;}\u00a0\u00bb] Mariages et \u00e9v\u00e9nements sociaux Notre complexe est le choix id\u00e9al pour les couples qui r\u00eavent d\u2019une r\u00e9ception de mariage magnifique et inoubliable dans un environnement qui met en valeur la beaut\u00e9 et l\u2019aura romantique de leur journ\u00e9e. [&hellip;]","og_url":"https:\/\/fragosstudios.gr\/fr\/weddings-social-events\/","og_site_name":"Fragos Garden Studios - \u039a\u03c5\u03bb\u03bb\u03ae\u03bd\u03b7 - \u0395\u03bb\u03bb\u03ac\u03b4\u03b1","article_modified_time":"2024-06-03T18:38:44+00:00","twitter_card":"summary_large_image","twitter_misc":{"Dur\u00e9e de lecture estim\u00e9e":"2 minutes"},"schema":{"@context":"https:\/\/schema.org","@graph":[{"@type":"WebPage","@id":"https:\/\/fragosstudios.gr\/fr\/weddings-social-events\/","url":"https:\/\/fragosstudios.gr\/fr\/weddings-social-events\/","name":"Weddings & social events - Fragos Garden Studios - \u039a\u03c5\u03bb\u03bb\u03ae\u03bd\u03b7 - \u0395\u03bb\u03bb\u03ac\u03b4\u03b1","isPartOf":{"@id":"https:\/\/fragosstudios.gr\/#website"},"datePublished":"2024-06-03T17:55:57+00:00","dateModified":"2024-06-03T18:38:44+00:00","breadcrumb":{"@id":"https:\/\/fragosstudios.gr\/fr\/weddings-social-events\/#breadcrumb"},"inLanguage":"fr-FR","potentialAction":[{"@type":"ReadAction","target":["https:\/\/fragosstudios.gr\/fr\/weddings-social-events\/"]}]},{"@type":"BreadcrumbList","@id":"https:\/\/fragosstudios.gr\/fr\/weddings-social-events\/#breadcrumb","itemListElement":[{"@type":"ListItem","position":1,"name":"\u0391\u03c1\u03c7\u03b9\u03ba\u03ae","item":"https:\/\/fragosstudios.gr\/fr\/"},{"@type":"ListItem","position":2,"name":"Weddings &#038; social events"}]},{"@type":"WebSite","@id":"https:\/\/fragosstudios.gr\/#website","url":"https:\/\/fragosstudios.gr\/","name":"Fragos Garden Studios - \u039a\u03c5\u03bb\u03bb\u03ae\u03bd\u03b7 - \u0395\u03bb\u03bb\u03ac\u03b4\u03b1","description":"\u03a4\u03b1 FRAGOS GARDEN STUDIOS \u03b2\u03c1\u03af\u03c3\u03ba\u03bf\u03bd\u03c4\u03b1\u03b9 \u03bc\u03ad\u03c3\u03b1 \u03c3\u03b5 \u03ad\u03bd\u03b1\u03bd \u03b5\u03be\u03b1\u03b9\u03c1\u03b5\u03c4\u03b9\u03ba\u03cc \u03ba\u03ae\u03c0\u03bf, \u03c3\u03b5 \u03b9\u03b4\u03b9\u03b1\u03af\u03c4\u03b5\u03c1\u03b1 \u03c0\u03c1\u03bf\u03bd\u03bf\u03bc\u03b9\u03b1\u03ba\u03ae \u03b8\u03ad\u03c3\u03b7, \u03b5\u03c0\u03ac\u03bd\u03c9 \u03c3\u03c4\u03bf\u03bd \u03ba\u03b5\u03bd\u03c4\u03c1\u03b9\u03ba\u03cc \u03b4\u03c1\u03cc\u03bc\u03bf \u03c0\u03bf\u03c5 \u03bf\u03b4\u03b7\u03b3\u03b5\u03af \u03c3\u03c4\u03bf \u03c0\u03bf\u03c1\u03b8\u03bc\u03b5\u03af\u03bf \u03c4\u03b7\u03c2 \u039a\u03c5\u03bb\u03bb\u03ae\u03bd\u03b7\u03c2 \u03ba\u03b1\u03b9 \u03b1\u03c0\u03bf\u03c4\u03b5\u03bb\u03bf\u03cd\u03bd\u03c4\u03b1\u03b9 \u03b1\u03c0\u03cc \u03b1\u03c5\u03c4\u03cc\u03bd\u03bf\u03bc\u03b1 studios, \u03b4\u03c9\u03bc\u03ac\u03c4\u03b9\u03b1 \u03ba\u03b1\u03b9 \u03b4\u03b9\u03b1\u03bc\u03b5\u03c1\u03af\u03c3\u03bc\u03b1\u03c4\u03b1 \u03c0\u03bf\u03c5 \u03bb\u03b5\u03b9\u03c4\u03bf\u03c5\u03c1\u03b3\u03bf\u03cd\u03bd \u03cc\u03bb\u03bf \u03c4\u03bf\u03bd \u03c7\u03c1\u03cc\u03bd\u03bf. \u03a4\u03b1 \u03b4\u03c9\u03bc\u03ac\u03c4\u03b9\u03b1 \u03b5\u03af\u03bd\u03b1\u03b9 \u03b5\u03c5\u03c1\u03cd\u03c7\u03c9\u03c1\u03b1, \u03ba\u03b1\u03bb\u03b1\u03af\u03c3\u03b8\u03b7\u03c4\u03b1, \u03c0\u03c1\u03cc\u03c3\u03c6\u03b1\u03c4\u03b1 \u03b1\u03bd\u03b1\u03ba\u03b1\u03b9\u03bd\u03b9\u03c3\u03bc\u03ad\u03bd\u03b1, \u03bc\u03bf\u03bd\u03c4\u03ad\u03c1\u03bd\u03b1 \u03b4\u03b9\u03b1\u03ba\u03bf\u03c3\u03bc\u03b7\u03bc\u03ad\u03bd\u03b1 \u03c3\u03b5 \u03b1\u03c0\u03b1\u03bb\u03bf\u03cd\u03c2 \u03c4\u03cc\u03bd\u03bf\u03c5\u03c2 \u03ba\u03b1\u03b9 \u03cc\u03bb\u03b1 \u03c0\u03b5\u03c1\u03b9\u03bb\u03b1\u03bc\u03b2\u03ac\u03bd\u03bf\u03c5\u03bd \u03b1\u03bd\u03b5\u03be\u03ac\u03c1\u03c4\u03b7\u03c4\u03b5\u03c2 \u03b5\u03c0\u03b9\u03c0\u03bb\u03c9\u03bc\u03ad\u03bd\u03b5\u03c2 \u03b2\u03b5\u03c1\u03ac\u03bd\u03c4\u03b5\u03c2 \u03bc\u03b5 \u03b8\u03ad\u03b1 \u03ba\u03ae\u03c0\u03bf, \u03ba\u03b1\u03b9 \u03ba\u03ac\u03c0\u03bf\u03b9\u03b1 \u03c0\u03bb\u03ae\u03c1\u03c9\u03c2 \u03b5\u03be\u03bf\u03c0\u03bb\u03b9\u03c3\u03bc\u03ad\u03bd\u03b5\u03c2 \u03ba\u03bf\u03c5\u03b6\u03af\u03bd\u03b5\u03c2 \u03bc\u03b5 \u03c4\u03c1\u03b1\u03c0\u03b5\u03b6\u03b1\u03c1\u03af\u03b1, \u03bc\u03b1\u03b3\u03b5\u03b9\u03c1\u03b9\u03ba\u03ac \u03c3\u03ba\u03b5\u03cd\u03b7 \u03ba\u03b1\u03b9 \u03c8\u03c5\u03b3\u03b5\u03af\u03bf \u03bc\u03b5\u03b3\u03ac\u03bb\u03bf\u03c5 \u03bc\u03b5\u03b3\u03ad\u03b8\u03bf\u03c5\u03c2 \u03ba\u03b1\u03b9 \u03bc\u03bf\u03bd\u03c4\u03ad\u03c1\u03bd\u03bf WC \u03bc\u03b5 \u03bc\u03c0\u03b1\u03bd\u03b9\u03ad\u03c1\u03b1 \u03ae \u03bd\u03c4\u03bf\u03c5\u03b6\u03b9\u03ad\u03c1\u03b1. \u038c\u03bb\u03b1 \u03c4\u03b1 \u03b4\u03c9\u03bc\u03ac\u03c4\u03b9\u03b1 \u03b4\u03b9\u03b1\u03b8\u03ad\u03c4\u03bf\u03c5\u03bd \u03ba\u03bb\u03b9\u03bc\u03b1\u03c4\u03b9\u03c3\u03bc\u03cc \u03ba\u03b1\u03b9 \u03b1\u03c5\u03c4\u03cc\u03bd\u03bf\u03bc\u03b7 \u03b8\u03ad\u03c1\u03bc\u03b1\u03bd\u03c3\u03b7 \u03bc\u03b5 \u03ba\u03b1\u03bb\u03bf\u03c1\u03b9\u03c6\u03ad\u03c1, TV LCD 26 \u03af\u03bd\u03c4\u03c3\u03b5\u03c2, \u03b8\u03c5\u03c1\u03af\u03b4\u03b1 \u03b1\u03c3\u03c6\u03b1\u03bb\u03b5\u03af\u03b1\u03c2, \u03c3\u03af\u03b4\u03b5\u03c1\u03bf \u03ba\u03b1\u03b9 \u03b5\u03b3\u03ba\u03b1\u03c4\u03b1\u03c3\u03c4\u03ac\u03c3\u03b5\u03b9\u03c2 \u03c3\u03b9\u03b4\u03b5\u03c1\u03ce\u03bc\u03b1\u03c4\u03bf\u03c2, \u03b4\u03c9\u03c1\u03b5\u03ac\u03bd Wi Fi, \u03b1\u03bb\u03bf\u03c5\u03bc\u03af\u03bd\u03b9\u03b1 \u03b1\u03c3\u03c6\u03b1\u03bb\u03b5\u03af\u03b1\u03c2 \u03ba\u03b1\u03b9 \u03c3\u03af\u03c4\u03b5\u03c2. \u03a3\u03c4\u03b9\u03c2 \u03bc\u03bf\u03bd\u03ac\u03b4\u03b5\u03c2 \u03c0\u03b1\u03c1\u03ad\u03c7\u03b5\u03c4\u03b1\u03b9 \u03ba\u03b1\u03b8\u03b7\u03bc\u03b5\u03c1\u03b9\u03bd\u03ac \u03c5\u03c0\u03b7\u03c1\u03b5\u03c3\u03af\u03b1 \u03ba\u03b1\u03b8\u03b1\u03c1\u03b9\u03cc\u03c4\u03b7\u03c4\u03b1\u03c2, \u03b5\u03bd\u03ce \u03b3\u03b9\u03b1 \u03b5\u03c0\u03b9\u03c0\u03bb\u03ad\u03bf\u03bd \u03ac\u03bd\u03b5\u03c3\u03b7, \u03b4\u03b9\u03b1\u03c4\u03af\u03b8\u03b5\u03bd\u03c4\u03b1\u03b9 \u03bc\u03c0\u03bf\u03c5\u03c1\u03bd\u03bf\u03cd\u03b6\u03b9\u03b1 \u03ba\u03b1\u03b9 \u03c0\u03b1\u03bd\u03c4\u03cc\u03c6\u03bb\u03b5\u03c2, \u03c0\u03c1\u03bf\u03ca\u03cc\u03bd\u03c4\u03b1 \u03c0\u03b5\u03c1\u03b9\u03c0\u03bf\u03af\u03b7\u03c3\u03b7\u03c2 \u03ba\u03b1\u03b9 \u03c3\u03c4\u03b5\u03b3\u03bd\u03c9\u03c4\u03ae\u03c1\u03b1 \u03bc\u03b1\u03bb\u03bb\u03b9\u03ce\u03bd. \u03a3\u03c4\u03bf\u03c5\u03c2 \u03ba\u03bf\u03b9\u03bd\u03cc\u03c7\u03c1\u03b7\u03c3\u03c4\u03bf\u03c5\u03c2 \u03c7\u03ce\u03c1\u03bf\u03c5\u03c2 \u03c5\u03c0\u03ac\u03c1\u03c7\u03b5\u03b9 \u03b4\u03c9\u03c1\u03b5\u03ac\u03bd \u03b1\u03c3\u03c6\u03b1\u03bb\u03ae\u03c2 \u03c7\u03ce\u03c1\u03bf\u03c2 \u03c3\u03c4\u03ac\u03b8\u03bc\u03b5\u03c5\u03c3\u03b7\u03c2, \u03ae\u03c3\u03c5\u03c7\u03bf\u03c2 \u03ba\u03ae\u03c0\u03bf\u03c2 \u03bc\u03b5 \u03b4\u03ad\u03bd\u03c4\u03c1\u03b1 \u03ba\u03b1\u03b9 \u03b3\u03ba\u03b1\u03b6\u03cc\u03bd 3.500 \u03c4\u03bc, \u03c0\u03b1\u03b9\u03b4\u03b9\u03ba\u03ae \u03c7\u03b1\u03c1\u03ac, \u03be\u03b1\u03c0\u03bb\u03ce\u03c3\u03c4\u03c1\u03b5\u03c2, \u03c4\u03bf\u03c5\u03b1\u03bb\u03ad\u03c4\u03b5\u03c2, \u03c0\u03bb\u03c5\u03bd\u03c4\u03ae\u03c1\u03b9\u03bf \u03c1\u03bf\u03cd\u03c7\u03c9\u03bd, \u03bd\u03c4\u03bf\u03c5\u03c2, bbq \u03bc\u03b5 \u03c4\u03c1\u03b1\u03c0\u03b5\u03b6\u03b1\u03c1\u03af\u03b1 \u03ba\u03ae\u03c0\u03bf\u03c5 \u03ba\u03b1\u03b9 \u03ac\u03bd\u03b5\u03c4\u03bf\u03c2 \u03c3\u03ba\u03b9\u03b5\u03c1\u03cc\u03c2 \u03c7\u03ce\u03c1\u03bf\u03c2 \u03ba\u03b1\u03b8\u03b9\u03c3\u03c4\u03b9\u03ba\u03bf\u03cd. \u0397 \u03bf\u03c1\u03b3\u03b1\u03bd\u03c9\u03bc\u03ad\u03bd\u03b7 \u03b1\u03bc\u03bc\u03ce\u03b4\u03b7\u03c2 \u03c0\u03b1\u03c1\u03b1\u03bb\u03af\u03b1 \u039a\u03c5\u03bb\u03bb\u03ae\u03bd\u03b7\u03c2 \u039c\u03b9\u03bc\u03cc\u03b6\u03b1, \u03b9\u03b4\u03b1\u03bd\u03b9\u03ba\u03ae \u03b3\u03b9\u03b1 \u03c0\u03b1\u03b9\u03b4\u03b9\u03ac, \u03b2\u03c1\u03af\u03c3\u03ba\u03b5\u03c4\u03b1\u03b9 \u03c3\u03b5 1,2 \u03c7\u03bb\u03bc. \u03a3\u03b5 \u03b1\u03c0\u03cc\u03c3\u03c4\u03b1\u03c3\u03b7 3 \u03bb\u03b5\u03c0\u03c4\u03ce\u03bd \u03b1\u03c0\u03cc \u03c4\u03bf \u03c3\u03c5\u03b3\u03ba\u03c1\u03cc\u03c4\u03b7\u03bc\u03b1 \u03c5\u03c0\u03ac\u03c1\u03c7\u03bf\u03c5\u03bd \u03c0\u03b1\u03c1\u03b1\u03b8\u03b1\u03bb\u03ac\u03c3\u03c3\u03b9\u03b5\u03c2 \u03c8\u03b1\u03c1\u03bf\u03c4\u03b1\u03b2\u03ad\u03c1\u03bd\u03b5\u03c2, \u03b5\u03c3\u03c4\u03b9\u03b1\u03c4\u03cc\u03c1\u03b9\u03b1, \u03ba\u03b1\u03c6\u03b5\u03c4\u03ad\u03c1\u03b9\u03b5\u03c2, \u03c6\u03bf\u03cd\u03c1\u03bd\u03bf\u03c2, super market \u03ba\u03b1\u03b9 \u03c6\u03b1\u03c1\u03bc\u03b1\u03ba\u03b5\u03af\u03bf. \u03a4\u03bf \u03bb\u03b9\u03bc\u03ac\u03bd\u03b9 \u03c4\u03b7\u03c2 \u039a\u03c5\u03bb\u03bb\u03ae\u03bd\u03b7\u03c2 \u03b1\u03c0\u03cc \u03c4\u03bf \u03bf\u03c0\u03bf\u03af\u03bf \u03b1\u03bd\u03b1\u03c7\u03c9\u03c1\u03bf\u03cd\u03bd \u03c4\u03b1 \u03c0\u03bb\u03bf\u03af\u03b1 \u03b3\u03b9\u03b1 \u0396\u03ac\u03ba\u03c5\u03bd\u03b8\u03bf, \u039a\u03b5\u03c6\u03b1\u03bb\u03bb\u03bf\u03bd\u03b9\u03ac \u03b2\u03c1\u03af\u03c3\u03ba\u03b5\u03c4\u03b1\u03b9 \u03c3\u03b5 \u03b1\u03c0\u03cc\u03c3\u03c4\u03b1\u03c3\u03b7 3 \u03c7\u03bb\u03bc.","potentialAction":[{"@type":"SearchAction","target":{"@type":"EntryPoint","urlTemplate":"https:\/\/fragosstudios.gr\/?s={search_term_string}"},"query-input":{"@type":"PropertyValueSpecification","valueRequired":true,"valueName":"search_term_string"}}],"inLanguage":"fr-FR"}]}},"_links":{"self":[{"href":"https:\/\/fragosstudios.gr\/fr\/wp-json\/wp\/v2\/pages\/1835","targetHints":{"allow":["GET"]}}],"collection":[{"href":"https:\/\/fragosstudios.gr\/fr\/wp-json\/wp\/v2\/pages"}],"about":[{"href":"https:\/\/fragosstudios.gr\/fr\/wp-json\/wp\/v2\/types\/page"}],"author":[{"embeddable":true,"href":"https:\/\/fragosstudios.gr\/fr\/wp-json\/wp\/v2\/users\/1"}],"replies":[{"embeddable":true,"href":"https:\/\/fragosstudios.gr\/fr\/wp-json\/wp\/v2\/comments?post=1835"}],"version-history":[{"count":1,"href":"https:\/\/fragosstudios.gr\/fr\/wp-json\/wp\/v2\/pages\/1835\/revisions"}],"predecessor-version":[{"id":1840,"href":"https:\/\/fragosstudios.gr\/fr\/wp-json\/wp\/v2\/pages\/1835\/revisions\/1840"}],"wp:attachment":[{"href":"https:\/\/fragosstudios.gr\/fr\/wp-json\/wp\/v2\/media?parent=1835"}],"curies":[{"name":"wp","href":"https:\/\/api.w.org\/{rel}","templated":true}]}}